{"id":37225,"date":"2025-11-03T12:57:41","date_gmt":"2025-11-03T17:57:41","guid":{"rendered":"\/bundle-frosted-lemonade\/"},"modified":"2025-12-18T14:44:19","modified_gmt":"2025-12-18T19:44:19","slug":"bundle-frosted-lemonade","status":"publish","type":"page","link":"\/es\/bundle-frosted-lemonade\/","title":{"rendered":"BUNDLE | FROSTED LEMONADE"},"content":{"rendered":"<p>[et_pb_section fb_built=&#8221;1&#8243; specialty=&#8221;on&#8221; _builder_version=&#8221;4.16&#8243; _module_preset=&#8221;default&#8221; global_colors_info=&#8221;{}&#8221;][et_pb_column type=&#8221;1_2&#8243; _builder_version=&#8221;4.16&#8243; custom_padding=&#8221;|||&#8221; global_colors_info=&#8221;{}&#8221; custom_padding__hover=&#8221;|||&#8221;][et_pb_gallery gallery_ids=&#8221;37131,37136&#8243; fullwidth=&#8221;on&#8221; _builder_version=&#8221;4.27.4&#8243; _module_preset=&#8221;default&#8221; link_option_url=&#8221;https:\/\/shop.bydesign.com\/Bravenly\/#\/shop\/detail\/GOLDBREW\/from\/B8037946&#8221; global_colors_info=&#8221;{}&#8221;][\/et_pb_gallery][\/et_pb_column][et_pb_column type=&#8221;1_2&#8243; specialty_columns=&#8221;2&#8243; _builder_version=&#8221;4.16&#8243; custom_padding=&#8221;|||&#8221; global_colors_info=&#8221;{}&#8221; custom_padding__hover=&#8221;|||&#8221;][et_pb_row_inner _builder_version=&#8221;4.16&#8243; _module_preset=&#8221;default&#8221; global_colors_info=&#8221;{}&#8221;][et_pb_column_inner saved_specialty_column_type=&#8221;1_2&#8243; _builder_version=&#8221;4.16&#8243; _module_preset=&#8221;default&#8221; global_colors_info=&#8221;{}&#8221;][et_pb_text _builder_version=&#8221;4.27.4&#8243; _module_preset=&#8221;default&#8221; header_text_color=&#8221;#000000&#8243; locked=&#8221;off&#8221; global_colors_info=&#8221;{}&#8221;]<\/p>\n<h1><strong>PAQUETE FROSTED LEMONADE<\/strong><\/h1>\n<p>[\/et_pb_text][et_pb_tabs _builder_version=&#8221;4.27.4&#8243; _module_preset=&#8221;default&#8221; hover_enabled=&#8221;0&#8243; locked=&#8221;off&#8221; global_colors_info=&#8221;{}&#8221; sticky_enabled=&#8221;0&#8243;][et_pb_tab title=&#8221;DESCRIPCI\u00d3N&#8221; _builder_version=&#8221;4.27.4&#8243; _module_preset=&#8221;default&#8221; body_font=&#8221;Lato||||||||&#8221; body_text_color=&#8221;#000000&#8243; tab_font=&#8221;Lato|&#8211;et_global_heading_font_weight|||||||&#8221; tab_text_color=&#8221;#000000&#8243; hover_enabled=&#8221;0&#8243; global_colors_info=&#8221;{}&#8221; sticky_enabled=&#8221;0&#8243;]<\/p>\n<p>El paquete Frosted Lemonade fue uno de los favoritos del verano, as\u00ed que ten\u00edamos que traerlo de vuelta por tiempo limitado. A medida que comienzan a llegar las primeras heladas, lo celebramos con este refrescante d\u00fao escarchado dise\u00f1ado para apoyar tu energ\u00eda, bienestar y rutina diaria. Mezcla ambos para disfrutar de una limonada cremosa estilo frost, o disfruta cada producto por separado. De cualquier forma, es una manera deliciosa de impulsar tus objetivos y sentirte mejor cada d\u00eda. Adem\u00e1s, cada paquete incluye un shaker Bravenly gratis para que tus bebidas queden perfectamente mezcladas y extra suaves.    <\/p>\n<p>Incluye: Bravenly Fit Fuel, Rush Extreme &#8211; Fresh Lemonade, y un vaso mezclador Bravenly<\/p>\n<p><em>*El color del vaso mezclador se elegir\u00e1 al azar<\/em><\/p>\n<p>[\/et_pb_tab][et_pb_tab title=&#8221;PRODUCTOS&#8221; _builder_version=&#8221;4.27.4&#8243; _module_preset=&#8221;default&#8221; body_font=&#8221;Lato||||||||&#8221; body_text_color=&#8221;#000000&#8243; tab_font=&#8221;Lato|&#8211;et_global_body_font_weight|||||||&#8221; tab_text_color=&#8221;#000000&#8243; global_colors_info=&#8221;{}&#8221;]<\/p>\n<p><strong>BRAVENLY FIT FUEL:<\/strong> Esta mezcla multibeneficios 3 en 1 es la compa\u00f1era perfecta para su viaje de salud y forma f\u00edsica. Las tres mezclas (Bravenly Protein\/Collagen Blend, Bravenly Digestive Blend y Bravenly Fit Fuel Blend) trabajan juntas para amplificar tus resultados y transformar tu cuerpo.<\/p>\n<p><strong>RUSH EXTREME:<\/strong> Una bebida energ\u00e9tica avanzada con vitaminas que impulsa la vida activa a diario con energ\u00eda funcional esencial, potenciada por vitaminas y nootr\u00f3picos clave.\u2020<\/p>\n<p>VASO MEZCLADOR BRAVENLY: Un pr\u00e1ctico vaso de 20 oz, perfecto para mezclar tus combinaciones de bienestar favoritas. Cuenta con una tapa abatible segura y un dise\u00f1o resistente. \u00a1El color se elige al azar!<\/p>\n<p>[\/et_pb_tab][et_pb_tab title=&#8221;C\u00d3MO USARLO&#8221; _builder_version=&#8221;4.27.4&#8243; _module_preset=&#8221;default&#8221; body_font=&#8221;Lato||||||||&#8221; body_text_color=&#8221;#000000&#8243; tab_font=&#8221;Lato|&#8211;et_global_body_font_weight|||||||&#8221; tab_text_color=&#8221;#000000&#8243; global_colors_info=&#8221;{}&#8221;]<\/p>\n<p><strong>BRAVENLY FIT FUEL: <\/strong>A\u00f1ada 2 cacitos en el agua, la leche, el zumo o el batido que prefiera. Mezclar hasta su completa disoluci\u00f3n.<\/p>\n<p><strong>RUSH EXTREME:<\/strong> Mix one serving into 8\u201310 ounces of water, shake or stir until dissolved, and enjoy.<\/p>\n<p><em>*Las mujeres embarazadas o en per\u00edodo de lactancia, los ni\u00f1os menores de 18 a\u00f1os y las personas con problemas m\u00e9dicos conocidos deben consultar a un m\u00e9dico antes de utilizar este o cualquier suplemento diet\u00e9tico. Conservaci\u00f3n: No utilizar si el precinto de seguridad est\u00e1 da\u00f1ado o falta. Conservar en un lugar fresco y seco, alejado del calor y la humedad.<\/em><\/p>\n<p>[\/et_pb_tab][et_pb_tab title=&#8221;EASY-SHIP&#8221; _builder_version=&#8221;4.27.4&#8243; _module_preset=&#8221;default&#8221; body_font=&#8221;Lato||||||||&#8221; body_text_color=&#8221;#000000&#8243; tab_font=&#8221;Lato|&#8211;et_global_body_font_weight|||||||&#8221; tab_text_color=&#8221;#000000&#8243; global_colors_info=&#8221;{}&#8221;]<\/p>\n<p>Easy-Ship no est\u00e1 disponible para Paquetes de Tiempo Limitado<\/p>\n<p>&nbsp;<\/p>\n<p>&nbsp;<\/p>\n<p>&nbsp;<\/p>\n<p>&nbsp;<\/p>\n<p>&nbsp;<\/p>\n<p>[\/et_pb_tab][\/et_pb_tabs][\/et_pb_column_inner][\/et_pb_row_inner][\/et_pb_column][\/et_pb_section][et_pb_section fb_built=&#8221;1&#8243; _builder_version=&#8221;4.16&#8243; _module_preset=&#8221;default&#8221; global_colors_info=&#8221;{}&#8221;][et_pb_row _builder_version=&#8221;4.16&#8243; _module_preset=&#8221;default&#8221; min_height=&#8221;193px&#8221; custom_margin=&#8221;|auto|2px|auto||&#8221; custom_padding=&#8221;0px||0px|||&#8221; global_colors_info=&#8221;{}&#8221;][et_pb_column type=&#8221;4_4&#8243; _builder_version=&#8221;4.16&#8243; _module_preset=&#8221;default&#8221; global_colors_info=&#8221;{}&#8221;][et_pb_text _builder_version=&#8221;4.27.4&#8243; _module_preset=&#8221;default&#8221; min_height=&#8221;227.4px&#8221; custom_margin=&#8221;-66px|||||&#8221; custom_padding=&#8221;3px||0px|||&#8221; locked=&#8221;off&#8221; global_colors_info=&#8221;{}&#8221;]&nbsp;<\/p>\n<div style=\"background: #f8f8f8; padding: 40px 20px; border-radius: 16px; max-width: 720px; margin: 0 auto; font-family: 'Segoe UI', sans-serif; text-align: center; box-shadow: 0 8px 24px rgba(0,0,0,0.04);\">\n<h3 style=\"font-size: 20px; margin-bottom: 30px; color: #111; text-transform: uppercase; letter-spacing: 1px;\"><strong>Tus Opciones de Precio<\/strong><\/h3>\n<div style=\"display: grid; grid-template-columns: repeat(3, 1fr); gap: 20px;\">\n<div style=\"padding: 15px 10px; background: #ffffff; border-radius: 10px; box-shadow: 0 2px 8px rgba(0,0,0,0.05);\">\n<p style=\"font-size: 12px; color: #777; margin-bottom: 4px;\">AL POR MENOR<\/p>\n<p style=\"font-size: 18px; font-weight: bold; color: #000;\">$199.99<\/p>\n<\/div>\n<div style=\"padding: 15px 10px; background: #ffffff; border-radius: 10px; box-shadow: 0 2px 8px rgba(0,0,0,0.05);\">\n<p style=\"font-size: 12px; color: #777; margin-bottom: 4px;\">VIP<\/p>\n<p style=\"font-size: 18px; font-weight: bold; color: #000;\">$179.99<\/p>\n<\/div>\n<div style=\"padding: 15px 10px; background: #ffffff; border-radius: 10px; box-shadow: 0 2px 8px rgba(0,0,0,0.05);\">\n<p style=\"font-size: 12px; color: #777; margin-bottom: 4px;\">VALOR DE<\/p>\n<p style=\"font-size: 18px; font-weight: bold; color: #000;\">$159.99<\/p>\n<\/div>\n<\/div>\n<\/div>\n<p>[\/et_pb_text][et_pb_button button_url=&#8221;https:\/\/shop.bydesign.com\/Bravenly\/#\/shop\/detail\/FROSTEDLEMON\/from\/B8037946&#8221; button_text=&#8221;A\u00d1ADIR AL CARRITO&#8221; button_alignment=&#8221;center&#8221; _builder_version=&#8221;4.27.4&#8243; _module_preset=&#8221;default&#8221; custom_button=&#8221;on&#8221; button_text_size=&#8221;16px&#8221; button_text_color=&#8221;#000000&#8243; button_border_color=&#8221;#000000&#8243; button_font=&#8221;Lato||||||||&#8221; locked=&#8221;off&#8221; global_colors_info=&#8221;{}&#8221;][\/et_pb_button][\/et_pb_column][\/et_pb_row][\/et_pb_section][et_pb_section fb_built=&#8221;1&#8243; _builder_version=&#8221;4.27.4&#8243; background_enable_image=&#8221;off&#8221; background_position=&#8221;bottom_center&#8221; min_height=&#8221;762px&#8221; custom_margin=&#8221;||-100px||false|false&#8221; custom_padding=&#8221;1px|0px|48px|0px||&#8221; hover_transition_duration=&#8221;150ms&#8221; scroll_vertical_motion=&#8221;0|50|50|100|-1|0|-4&#8243; locked=&#8221;off&#8221; global_colors_info=&#8221;{}&#8221;][et_pb_row column_structure=&#8221;1_2,1_2&#8243; admin_label=&#8221;CTA Row&#8221; _builder_version=&#8221;4.27.4&#8243; min_height=&#8221;525px&#8221; custom_margin=&#8221;47px|auto|1px|auto||&#8221; custom_padding=&#8221;51px||0px|||&#8221; scroll_fade=&#8221;0|10|10|100|0|100|100&#8243; global_colors_info=&#8221;{}&#8221;][et_pb_column type=&#8221;1_2&#8243; _builder_version=&#8221;4.16&#8243; background_enable_image=&#8221;off&#8221; custom_padding=&#8221;|||&#8221; global_colors_info=&#8221;{}&#8221; custom_padding__hover=&#8221;|||&#8221;][et_pb_image src=&#8221;\/wp-content\/uploads\/2025\/06\/Frosted-Lemonade-LTO-Bundle-copy.jpg&#8221; alt=&#8221;Gr\u00e1fico del Paquete&#8221; title_text=&#8221;Paquete Core&#8221; align=&#8221;center&#8221; src_tablet=&#8221;\/wp-content\/uploads\/2025\/06\/Frosted-Lemonade-LTO-Bundle-copy.jpg&#8221; src_phone=&#8221;\/wp-content\/uploads\/2025\/06\/Frosted-Lemonade-LTO-Bundle-copy.jpg&#8221; src_last_edited=&#8221;on|phone&#8221; align_tablet=&#8221;center&#8221; align_phone=&#8221;&#8221; align_last_edited=&#8221;on|desktop&#8221; admin_label=&#8221;Cleanses Image&#8221; _builder_version=&#8221;4.27.4&#8243; min_height=&#8221;438px&#8221; min_height_tablet=&#8221;&#8221; min_height_phone=&#8221;244px&#8221; min_height_last_edited=&#8221;on|phone&#8221; height=&#8221;220px&#8221; custom_margin=&#8221;5px||45px||false|false&#8221; custom_padding=&#8221;|5px|50px|5px|false|false&#8221; scroll_fade=&#8221;0|10|10|100|0|100|100&#8243; global_colors_info=&#8221;{}&#8221;][\/et_pb_image][\/et_pb_column][et_pb_column type=&#8221;1_2&#8243; _builder_version=&#8221;4.16&#8243; custom_padding=&#8221;|||&#8221; global_colors_info=&#8221;{}&#8221; custom_padding__hover=&#8221;|||&#8221;][et_pb_cta title=&#8221;POR QU\u00c9 HEMOS CREADO BRAVENLY BUNDLES&#8221; button_url=&#8221;&lt;!&#8211;&#91;CDATA&#91;\/bundles-deals\/&#93;&#93;&#8211;&gt;&#8221; url_new_window=&#8221;on&#8221; admin_label=&#8221;Title, Paragraph &amp; Call To Action&#8221; _builder_version=&#8221;4.27.4&#8243; header_font=&#8221;Tenor Sans|||on|||||&#8221; header_text_color=&#8221;#000000&#8243; header_font_size=&#8221;28px&#8221; header_line_height=&#8221;1.5em&#8221; body_font=&#8221;Lato||||||||&#8221; body_text_color=&#8221;#000000&#8243; body_font_size=&#8221;16px&#8221; body_line_height=&#8221;1.5em&#8221; use_background_color=&#8221;off&#8221; custom_button=&#8221;on&#8221; button_text_size=&#8221;16px&#8221; button_text_color=&#8221;#000000&#8243; button_border_color=&#8221;#000000&#8243; button_font=&#8221;Lato||||||||&#8221; text_orientation=&#8221;left&#8221; background_layout=&#8221;light&#8221; min_height=&#8221;386px&#8221; custom_margin=&#8221;-8px||||false|false&#8221; custom_margin_tablet=&#8221;0px|||&#8221; custom_margin_phone=&#8221;5px||20px||false|false&#8221; custom_margin_last_edited=&#8221;on|tablet&#8221; custom_padding=&#8221;||0px||false|false&#8221; custom_padding_tablet=&#8221;&#8221; custom_padding_phone=&#8221;5px||18px||false|false&#8221; custom_padding_last_edited=&#8221;on|phone&#8221; link_option_url_new_window=&#8221;on&#8221; scroll_fade=&#8221;0|10|10|100|0|100|100&#8243; button_text_color_hover=&#8221;#ffffff&#8221; button_border_color_hover=&#8221;rgba(0,0,0,0)&#8221; button_border_radius_hover=&#8221;28px&#8221; button_letter_spacing_hover=&#8221;2px&#8221; button_bg_color_hover=&#8221;rgba(0,0,0,0.7)&#8221; global_colors_info=&#8221;{}&#8221; button_text_size__hover_enabled=&#8221;off&#8221; button_one_text_size__hover_enabled=&#8221;off&#8221; button_two_text_size__hover_enabled=&#8221;off&#8221; button_text_color__hover_enabled=&#8221;on&#8221; button_text_color__hover=&#8221;#ffffff&#8221; button_one_text_color__hover_enabled=&#8221;off&#8221; button_two_text_color__hover_enabled=&#8221;off&#8221; button_border_width__hover_enabled=&#8221;off&#8221; button_one_border_width__hover_enabled=&#8221;off&#8221; button_two_border_width__hover_enabled=&#8221;off&#8221; button_border_color__hover_enabled=&#8221;on&#8221; button_border_color__hover=&#8221;rgba(0,0,0,0)&#8221; button_one_border_color__hover_enabled=&#8221;off&#8221; button_two_border_color__hover_enabled=&#8221;off&#8221; button_border_radius__hover_enabled=&#8221;on&#8221; button_border_radius__hover=&#8221;28px&#8221; button_one_border_radius__hover_enabled=&#8221;off&#8221; button_two_border_radius__hover_enabled=&#8221;off&#8221; button_letter_spacing__hover_enabled=&#8221;on&#8221; button_letter_spacing__hover=&#8221;2px&#8221; button_one_letter_spacing__hover_enabled=&#8221;off&#8221; button_two_letter_spacing__hover_enabled=&#8221;off&#8221; button_bg_color__hover_enabled=&#8221;on&#8221; button_bg_color__hover=&#8221;rgba(0,0,0,0.7)&#8221; button_one_bg_color__hover_enabled=&#8221;off&#8221; button_two_bg_color__hover_enabled=&#8221;off&#8221;]Esto hace que combinar los productos perfectos sea mucho m\u00e1s f\u00e1cil y econ\u00f3mico para TI.<br \/>Cada paquete est\u00e1 personalizado seg\u00fan tus objetivos espec\u00edficos y lo que mejor se adapte a tu rutina y estilo de vida.<br \/>Hemos reunido algunas de nuestras combinaciones de productos m\u00e1s populares, elegidas por nuestros clientes m\u00e1s frecuentes, \u00a1as\u00ed que son combinaciones en las que puedes confiar!<br \/>Por \u00faltimo, pero no menos importante, hemos calculado la cantidad exacta de porciones de producto que necesitas por paquete, para que tengas el suministro justo hasta tu pr\u00f3ximo pedido.<br \/>(\u00a1Reg\u00edstrate en nuestro programa Easy-Ship para asegurarte de recibir tus productos a tiempo cada mes!)[\/et_pb_cta][et_pb_button button_url=&#8221;&lt;!&#8211;&#91;CDATA&#91;\/bundles-deals\/&#93;&#93;&#8211;&gt;&#8221; url_new_window=&#8221;on&#8221; button_text=&#8221;COMPRA TODOS LOS PAQUETES&#8221; button_alignment=&#8221;left&#8221; _builder_version=&#8221;4.27.4&#8243; _module_preset=&#8221;default&#8221; custom_button=&#8221;on&#8221; button_text_size=&#8221;16px&#8221; button_text_color=&#8221;#000000&#8243; button_border_color=&#8221;#000000&#8243; button_font=&#8221;Lato||||||||&#8221; locked=&#8221;off&#8221; global_colors_info=&#8221;{}&#8221;][\/et_pb_button][\/et_pb_column][\/et_pb_row][\/et_pb_section][et_pb_section fb_built=&#8221;1&#8243; _builder_version=&#8221;4.16&#8243; _module_preset=&#8221;default&#8221; locked=&#8221;off&#8221; global_colors_info=&#8221;{}&#8221;][et_pb_row _builder_version=&#8221;4.16&#8243; _module_preset=&#8221;default&#8221; global_colors_info=&#8221;{}&#8221;][et_pb_column type=&#8221;4_4&#8243; _builder_version=&#8221;4.16&#8243; _module_preset=&#8221;default&#8221; global_colors_info=&#8221;{}&#8221;][et_pb_text _builder_version=&#8221;4.16&#8243; _module_preset=&#8221;default&#8221; text_font=&#8221;Lato||||||||&#8221; text_text_color=&#8221;#000000&#8243; text_font_size=&#8221;19px&#8221; border_width_all=&#8221;2px&#8221; global_colors_info=&#8221;{}&#8221;]\u2020Estas afirmaciones no han sido evaluadas por la Food and Drug Administration (FDA). Este producto no est\u00e1 destinado a diagnosticar, tratar, curar o prevenir ninguna enfermedad.[\/et_pb_text][\/et_pb_column][\/et_pb_row][\/et_pb_section][et_pb_section fb_built=&#8221;1&#8243; _builder_version=&#8221;4.25.0&#8243; _module_preset=&#8221;default&#8221; global_colors_info=&#8221;{}&#8221;][et_pb_row _builder_version=&#8221;4.25.0&#8243; _module_preset=&#8221;default&#8221; global_colors_info=&#8221;{}&#8221;][et_pb_column type=&#8221;4_4&#8243; _builder_version=&#8221;4.25.0&#8243; _module_preset=&#8221;default&#8221; global_colors_info=&#8221;{}&#8221;][et_pb_code _builder_version=&#8221;4.25.0&#8243; _module_preset=&#8221;default&#8221; global_colors_info=&#8221;{}&#8221;]<script><!-- [et_pb_line_break_holder] -->window.embeddedChatbotConfig = {<!-- [et_pb_line_break_holder] -->chatbotId: \"9qSfYTIOoZzNyOg2aFTKi\",<!-- [et_pb_line_break_holder] -->domain: \"www.chatbase.co\"<!-- [et_pb_line_break_holder] -->}<!-- [et_pb_line_break_holder] --><\/script><!-- [et_pb_line_break_holder] --><scriptsrc=\"https:\/\/www.chatbase.co\/embed.min.js\"chatbotId=\"9qSfYTIOoZzNyOg2aFTKi\"domain=\"www.chatbase.co\"defer><!-- [et_pb_line_break_holder] --><\/script>[\/et_pb_code][\/et_pb_column][\/et_pb_row][\/et_pb_section]<\/p>\n","protected":false},"excerpt":{"rendered":"<p>PAQUETE FROSTED LEMONADEEl paquete Frosted Lemonade fue uno de los favoritos del verano, as\u00ed que ten\u00edamos que traerlo de vuelta por tiempo limitado. A medida que comienzan a llegar las primeras heladas, lo celebramos con este refrescante d\u00fao escarchado dise\u00f1ado para apoyar tu energ\u00eda, bienestar y rutina diaria. Mezcla ambos para disfrutar de una limonada [&hellip;]<\/p>\n","protected":false},"author":191432663,"featured_media":0,"parent":0,"menu_order":0,"comment_status":"closed","ping_status":"closed","template":"","meta":{"_et_pb_use_builder":"on","_et_pb_old_content":"","_et_gb_content_width":"","_coblocks_attr":"","_coblocks_dimensions":"","_coblocks_responsive_height":"","_coblocks_accordion_ie_support":"","footnotes":""},"class_list":["post-37225","page","type-page","status-publish","hentry"],"_links":{"self":[{"href":"https:\/\/taylers.bravenlyglobal.com\/es\/wp-json\/wp\/v2\/pages\/37225","targetHints":{"allow":["GET"]}}],"collection":[{"href":"https:\/\/taylers.bravenlyglobal.com\/es\/wp-json\/wp\/v2\/pages"}],"about":[{"href":"https:\/\/taylers.bravenlyglobal.com\/es\/wp-json\/wp\/v2\/types\/page"}],"author":[{"embeddable":true,"href":"https:\/\/taylers.bravenlyglobal.com\/es\/wp-json\/wp\/v2\/users\/191432663"}],"replies":[{"embeddable":true,"href":"https:\/\/taylers.bravenlyglobal.com\/es\/wp-json\/wp\/v2\/comments?post=37225"}],"version-history":[{"count":5,"href":"https:\/\/taylers.bravenlyglobal.com\/es\/wp-json\/wp\/v2\/pages\/37225\/revisions"}],"predecessor-version":[{"id":40719,"href":"https:\/\/taylers.bravenlyglobal.com\/es\/wp-json\/wp\/v2\/pages\/37225\/revisions\/40719"}],"wp:attachment":[{"href":"https:\/\/taylers.bravenlyglobal.com\/es\/wp-json\/wp\/v2\/media?parent=37225"}],"curies":[{"name":"wp","href":"https:\/\/api.w.org\/{rel}","templated":true}]}}