{"id":15563,"date":"2024-01-22T15:47:01","date_gmt":"2024-01-22T20:47:01","guid":{"rendered":"\/iniciar-sesion\/"},"modified":"2025-10-06T12:41:13","modified_gmt":"2025-10-06T16:41:13","slug":"login","status":"publish","type":"page","link":"\/es\/login\/","title":{"rendered":"INICIAR SESI\u00d3N"},"content":{"rendered":"<p>[et_pb_section fb_built=&#8221;1&#8243; admin_label=&#8221;Page Title Section&#8221; _builder_version=&#8221;4.23.2&#8243; background_color=&#8221;RGBA(255,255,255,0)&#8221; use_background_color_gradient=&#8221;on&#8221; background_color_gradient_type=&#8221;elliptical&#8221; background_color_gradient_stops=&#8221;#000000 0%|rgba(0,0,0,0) 100%&#8221; background_color_gradient_start=&#8221;#000000&#8243; background_color_gradient_end=&#8221;rgba(0,0,0,0)&#8221; background_image=&#8221;\/wp-content\/uploads\/2024\/01\/Website-banners.jpg&#8221; custom_padding=&#8221;110px||110px|&#8221; global_colors_info=&#8221;{}&#8221;][\/et_pb_section][et_pb_section fb_built=&#8221;1&#8243; _builder_version=&#8221;4.16&#8243; _module_preset=&#8221;default&#8221; custom_padding=&#8221;70px||32px|||&#8221; locked=&#8221;off&#8221; global_colors_info=&#8221;{}&#8221;][et_pb_row _builder_version=&#8221;4.16&#8243; custom_padding=&#8221;||10px|&#8221; locked=&#8221;off&#8221; global_colors_info=&#8221;{}&#8221;][et_pb_column type=&#8221;4_4&#8243; _builder_version=&#8221;4.16&#8243; custom_padding=&#8221;|||&#8221; global_colors_info=&#8221;{}&#8221; custom_padding__hover=&#8221;|||&#8221;][et_pb_text admin_label=&#8221;Title&#8221; _builder_version=&#8221;4.23.2&#8243; text_font=&#8221;Tenor Sans||||||||&#8221; header_font=&#8221;||||||||&#8221; header_2_font=&#8221;Tenor Sans|600|||||||&#8221; header_2_text_align=&#8221;center&#8221; header_2_font_size=&#8221;40px&#8221; header_2_line_height=&#8221;1.4em&#8221; max_width=&#8221;812px&#8221; module_alignment=&#8221;center&#8221; custom_margin=&#8221;||0px|&#8221; animation_style=&#8221;fade&#8221; header_2_font_size_tablet=&#8221;40px&#8221; header_2_font_size_phone=&#8221;37px&#8221; header_2_font_size_last_edited=&#8221;on|tablet&#8221; locked=&#8221;off&#8221; global_colors_info=&#8221;{}&#8221;]<\/p>\n<h2>ACCEDE A TU CUENTA DE BRAVENLY<\/h2>\n<p>[\/et_pb_text][et_pb_text admin_label=&#8221;Title&#8221; _builder_version=&#8221;4.23.2&#8243; text_font=&#8221;Lato||||||||&#8221; text_text_color=&#8221;#000000&#8243; text_font_size=&#8221;16px&#8221; header_font=&#8221;||||||||&#8221; header_2_font=&#8221;Tenor Sans|600|||||||&#8221; header_2_text_align=&#8221;center&#8221; header_2_font_size=&#8221;36px&#8221; header_2_line_height=&#8221;1.4em&#8221; max_width=&#8221;812px&#8221; module_alignment=&#8221;center&#8221; custom_margin=&#8221;||0px|&#8221; animation_style=&#8221;fade&#8221; locked=&#8221;off&#8221; global_colors_info=&#8221;{}&#8221;]<\/p>\n<p style=\"text-align: center;\">Selecciona tu tipo de cuenta de Bravenly para ser redirigido a tu p\u00e1gina de inicio de sesi\u00f3n.<\/p>\n<p>[\/et_pb_text][et_pb_divider color=&#8221;#000000&#8243; divider_position=&#8221;center&#8221; divider_weight=&#8221;3px&#8221; _builder_version=&#8221;4.23.2&#8243; max_width=&#8221;50px&#8221; module_alignment=&#8221;center&#8221; custom_margin=&#8221;||20px|&#8221; animation_style=&#8221;slide&#8221; animation_direction=&#8221;top&#8221; animation_intensity_slide=&#8221;10%&#8221; animation_starting_opacity=&#8221;100%&#8221; locked=&#8221;off&#8221; global_colors_info=&#8221;{}&#8221;][\/et_pb_divider][\/et_pb_column][\/et_pb_row][et_pb_row column_structure=&#8221;1_2,1_2&#8243; _builder_version=&#8221;4.27.2&#8243; _module_preset=&#8221;default&#8221; width=&#8221;100%&#8221; custom_margin=&#8221;|auto||auto|false|false&#8221; custom_padding=&#8221;0px||0px||false|false&#8221; global_colors_info=&#8221;{}&#8221;][et_pb_column type=&#8221;1_2&#8243; _builder_version=&#8221;4.16&#8243; _module_preset=&#8221;default&#8221; global_colors_info=&#8221;{}&#8221;][et_pb_blurb url=&#8221;https:\/\/shop.bydesign.com\/Bravenly\/#\/login\/from\/B8037946&#8221; image=&#8221;\/wp-content\/uploads\/2024\/01\/Untitled-design.png&#8221; admin_label=&#8221;Juice Type&#8221; _builder_version=&#8221;4.27.4&#8243; header_font=&#8221;Tenor Sans|700||on|||||&#8221; header_text_align=&#8221;center&#8221; header_text_color=&#8221;#0a0000&#8243; header_font_size=&#8221;22px&#8221; header_letter_spacing=&#8221;1px&#8221; header_line_height=&#8221;1.5em&#8221; body_font=&#8221;Lato||||||||&#8221; body_text_align=&#8221;center&#8221; body_text_color=&#8221;#0a0000&#8243; body_font_size=&#8221;16px&#8221; body_line_height=&#8221;1.5em&#8221; background_enable_image=&#8221;off&#8221; custom_margin=&#8221;5px|10px|5px|10px|false|false&#8221; custom_padding=&#8221;5px|10px|6px|10px|false|false&#8221; link_option_url=&#8221;bliss&#8221; hover_enabled=&#8221;0&#8243; border_width_all_image=&#8221;24px&#8221; border_color_all_image=&#8221;#ffffff&#8221; global_colors_info=&#8221;{}&#8221; sticky_enabled=&#8221;0&#8243;][\/et_pb_blurb][et_pb_blurb title=&#8221; CLIENTES \u2013 Minoristas y VIP         &#8221; url=&#8221;https:\/\/shop.bydesign.com\/Bravenly\/#\/login\/from\/B8037946&#8221; admin_label=&#8221;Juice Type&#8221; _builder_version=&#8221;4.27.4&#8243; header_font=&#8221;Tenor Sans|700||on|||||&#8221; header_text_align=&#8221;center&#8221; header_text_color=&#8221;#0a0000&#8243; header_font_size=&#8221;22px&#8221; header_letter_spacing=&#8221;1px&#8221; header_line_height=&#8221;1.5em&#8221; body_font=&#8221;Lato||||||||&#8221; body_text_align=&#8221;center&#8221; body_text_color=&#8221;#0a0000&#8243; body_font_size=&#8221;16px&#8221; body_line_height=&#8221;1.5em&#8221; custom_margin=&#8221;5px|10px|5px|10px|false|false&#8221; custom_padding=&#8221;5px|10px|6px|10px|false|false&#8221; hover_enabled=&#8221;0&#8243; border_width_all_image=&#8221;24px&#8221; border_color_all_image=&#8221;#ffffff&#8221; global_colors_info=&#8221;{}&#8221; sticky_enabled=&#8221;0&#8243;][\/et_pb_blurb][\/et_pb_column][et_pb_column type=&#8221;1_2&#8243; _builder_version=&#8221;4.16&#8243; _module_preset=&#8221;default&#8221; global_colors_info=&#8221;{}&#8221;][et_pb_blurb url=&#8221;https:\/\/tools.bydesign.com\/Bravenly\/Account\/LogOn?ReturnUrl=%2fBravenly%2fHome%2fIndex&#8221; image=&#8221;\/wp-content\/uploads\/2024\/01\/3.png&#8221; admin_label=&#8221;Juice Type&#8221; _builder_version=&#8221;4.27.4&#8243; header_font=&#8221;Tenor Sans|700||on|||||&#8221; header_text_align=&#8221;center&#8221; header_text_color=&#8221;#0a0000&#8243; header_font_size=&#8221;22px&#8221; header_letter_spacing=&#8221;1px&#8221; header_line_height=&#8221;1.5em&#8221; body_font=&#8221;Lato||||||||&#8221; body_text_align=&#8221;center&#8221; body_text_color=&#8221;#0a0000&#8243; body_font_size=&#8221;16px&#8221; body_line_height=&#8221;1.5em&#8221; background_enable_image=&#8221;off&#8221; custom_margin=&#8221;5px|10px|5px|10px|false|false&#8221; custom_padding=&#8221;5px|10px|6px|10px|false|false&#8221; link_option_url=&#8221;bliss&#8221; border_width_all_image=&#8221;24px&#8221; border_color_all_image=&#8221;#ffffff&#8221; global_colors_info=&#8221;{}&#8221;][\/et_pb_blurb][et_pb_blurb title=&#8221;SOCIOS DE MARCA Y AFILIADOS&#8221; url=&#8221;https:\/\/tools.bydesign.com\/Bravenly\/Account\/LogOn?ReturnUrl=%2fBravenly%2fHome%2fIndex&#8221; admin_label=&#8221;Juice Type&#8221; _builder_version=&#8221;4.27.4&#8243; header_font=&#8221;Tenor Sans|700||on|||||&#8221; header_text_align=&#8221;center&#8221; header_text_color=&#8221;#0a0000&#8243; header_font_size=&#8221;22px&#8221; header_letter_spacing=&#8221;1px&#8221; header_line_height=&#8221;1.5em&#8221; body_font=&#8221;Lato||||||||&#8221; body_text_align=&#8221;center&#8221; body_text_color=&#8221;#0a0000&#8243; body_font_size=&#8221;16px&#8221; body_line_height=&#8221;1.5em&#8221; custom_margin=&#8221;5px|10px|5px|10px|false|false&#8221; custom_padding=&#8221;5px|10px|6px|10px|false|false&#8221; border_width_all_image=&#8221;24px&#8221; border_color_all_image=&#8221;#ffffff&#8221; global_colors_info=&#8221;{}&#8221;][\/et_pb_blurb][\/et_pb_column][\/et_pb_row][\/et_pb_section][et_pb_section fb_built=&#8221;1&#8243; _builder_version=&#8221;4.23.2&#8243; background_color=&#8221;#55876a&#8221; custom_margin=&#8221;4px|||||&#8221; custom_padding=&#8221;90px||90px|&#8221; global_colors_info=&#8221;{}&#8221;][et_pb_row column_structure=&#8221;1_2,1_2&#8243; _builder_version=&#8221;4.16&#8243; global_colors_info=&#8221;{}&#8221;][et_pb_column type=&#8221;1_2&#8243; _builder_version=&#8221;4.16&#8243; custom_padding=&#8221;|||&#8221; global_colors_info=&#8221;{}&#8221; custom_padding__hover=&#8221;|||&#8221;][et_pb_image src=&#8221;\/wp-content\/uploads\/2024\/01\/98190740_10158058470700734_8953919708692742144_o.jpeg&#8221; title_text=&#8221;98190740_10158058470700734_8953919708692742144_o&#8221; force_fullwidth=&#8221;on&#8221; align_tablet=&#8221;center&#8221; align_phone=&#8221;center&#8221; align_last_edited=&#8221;on|desktop&#8221; _builder_version=&#8221;4.23.2&#8243; animation_style=&#8221;fade&#8221; global_colors_info=&#8221;{}&#8221;][\/et_pb_image][\/et_pb_column][et_pb_column type=&#8221;1_2&#8243; _builder_version=&#8221;4.16&#8243; custom_padding=&#8221;30px||30px|&#8221; global_colors_info=&#8221;{}&#8221; custom_padding__hover=&#8221;|||&#8221;][et_pb_text admin_label=&#8221;Title&#8221; _builder_version=&#8221;4.23.2&#8243; text_font=&#8221;||||||||&#8221; header_font=&#8221;||||||||&#8221; header_2_font=&#8221;Tenor Sans|600|||||||&#8221; header_2_font_size=&#8221;36px&#8221; header_2_line_height=&#8221;1.2em&#8221; background_layout=&#8221;dark&#8221; max_width=&#8221;750px&#8221; custom_margin=&#8221;||0px|&#8221; animation_style=&#8221;fold&#8221; animation_direction=&#8221;left&#8221; animation_intensity_fold=&#8221;10%&#8221; animation_starting_opacity=&#8221;100%&#8221; global_colors_info=&#8221;{}&#8221;]<\/p>\n<h2>ACERCA DE BRAVENLY<\/h2>\n<p>[\/et_pb_text][et_pb_divider color=&#8221;#FFFFFF&#8221; divider_position=&#8221;center&#8221; divider_weight=&#8221;3px&#8221; _builder_version=&#8221;4.23.2&#8243; max_width=&#8221;50px&#8221; animation_style=&#8221;slide&#8221; animation_direction=&#8221;top&#8221; animation_intensity_slide=&#8221;10%&#8221; animation_starting_opacity=&#8221;100%&#8221; global_colors_info=&#8221;{}&#8221;][\/et_pb_divider][et_pb_text _builder_version=&#8221;4.16&#8243; text_font=&#8221;Poppins||||||||&#8221; text_text_color=&#8221;rgba(255,255,255,0.7)&#8221; text_font_size=&#8221;18px&#8221; text_line_height=&#8221;1.8em&#8221; max_width=&#8221;750px&#8221; custom_margin=&#8221;25px|||&#8221; animation_style=&#8221;fold&#8221; animation_direction=&#8221;left&#8221; animation_intensity_fold=&#8221;10%&#8221; animation_starting_opacity=&#8221;100%&#8221; global_colors_info=&#8221;{}&#8221;]<\/p>\n<p><span>Bravenly Global naci\u00f3 de un sue\u00f1o: construir una comunidad de personas influyentes y cambiadoras del mundo que trabajen juntas para tener un impacto significativo, no s\u00f3lo en sus vidas personales, sino en las vidas de los dem\u00e1s en todo el mundo. Los fundadores de Bravenly tienen un coraz\u00f3n para la gente, la familia y el servicio que se centra alrededor de su fuerte fe y su compromiso con la excelencia en todo lo que hacen. Esta fe y compromiso con la excelencia es evidente en la forma en que cr\u00edan a sus 5 hijos, dan generosamente, sirven humildemente y llevan sus negocios con honestidad y de todo coraz\u00f3n. <\/span><\/p>\n<p><\/p>\n<p>&nbsp;<\/p>\n<p>[\/et_pb_text][et_pb_button button_url=&#8221;\/es\/meet-bravenly\/&#8221; button_text=&#8221;M\u00c1S INFORMACI\u00d3N&#8221; button_alignment=&#8221;left&#8221; _builder_version=&#8221;4.23.2&#8243; _module_preset=&#8221;default&#8221; custom_button=&#8221;on&#8221; button_text_size=&#8221;16px&#8221; button_text_color=&#8221;#FFFFFF&#8221; button_border_color=&#8221;#FFFFFF&#8221; button_font=&#8221;Lato||||||||&#8221; background_layout=&#8221;dark&#8221; custom_margin=&#8221;10px||||false|false&#8221; custom_padding=&#8221;||||false|false&#8221; locked=&#8221;off&#8221; global_colors_info=&#8221;{}&#8221;][\/et_pb_button][\/et_pb_column][\/et_pb_row][\/et_pb_section]<\/p>\n","protected":false},"excerpt":{"rendered":"<p>ACCEDE A TU CUENTA DE BRAVENLYSelecciona tu tipo de cuenta de Bravenly para ser redirigido a tu p\u00e1gina de inicio de sesi\u00f3n.ACERCA DE BRAVENLYBravenly Global naci\u00f3 de un sue\u00f1o: construir una comunidad de personas influyentes y cambiadoras del mundo que trabajen juntas para tener un impacto significativo, no s\u00f3lo en sus vidas personales, sino en [&hellip;]<\/p>\n","protected":false},"author":191432657,"featured_media":0,"parent":0,"menu_order":0,"comment_status":"closed","ping_status":"closed","template":"","meta":{"_et_pb_use_builder":"on","_et_pb_old_content":"","_et_gb_content_width":"","_coblocks_attr":"","_coblocks_dimensions":"","_coblocks_responsive_height":"","_coblocks_accordion_ie_support":"","footnotes":""},"class_list":["post-15563","page","type-page","status-publish","hentry"],"_links":{"self":[{"href":"https:\/\/taylers.bravenlyglobal.com\/es\/wp-json\/wp\/v2\/pages\/15563","targetHints":{"allow":["GET"]}}],"collection":[{"href":"https:\/\/taylers.bravenlyglobal.com\/es\/wp-json\/wp\/v2\/pages"}],"about":[{"href":"https:\/\/taylers.bravenlyglobal.com\/es\/wp-json\/wp\/v2\/types\/page"}],"author":[{"embeddable":true,"href":"https:\/\/taylers.bravenlyglobal.com\/es\/wp-json\/wp\/v2\/users\/191432657"}],"replies":[{"embeddable":true,"href":"https:\/\/taylers.bravenlyglobal.com\/es\/wp-json\/wp\/v2\/comments?post=15563"}],"version-history":[{"count":5,"href":"https:\/\/taylers.bravenlyglobal.com\/es\/wp-json\/wp\/v2\/pages\/15563\/revisions"}],"predecessor-version":[{"id":34716,"href":"https:\/\/taylers.bravenlyglobal.com\/es\/wp-json\/wp\/v2\/pages\/15563\/revisions\/34716"}],"wp:attachment":[{"href":"https:\/\/taylers.bravenlyglobal.com\/es\/wp-json\/wp\/v2\/media?parent=15563"}],"curies":[{"name":"wp","href":"https:\/\/api.w.org\/{rel}","templated":true}]}}